{"id":23891,"date":"2021-06-16T18:04:28","date_gmt":"2021-06-16T18:04:28","guid":{"rendered":"https:\/\/giuliasbernini.com\/lavorazioni\/"},"modified":"2024-02-16T16:01:31","modified_gmt":"2024-02-16T16:01:31","slug":"lavorazioni","status":"publish","type":"page","link":"https:\/\/giuliasbernini.com\/it\/lavorazioni\/","title":{"rendered":"Lavorazioni"},"content":{"rendered":"\t\t<div data-elementor-type=\"wp-page\" data-elementor-id=\"23891\" class=\"elementor elementor-23891 elementor-22229\" data-elementor-settings=\"[]\">\n\t\t\t\t\t\t<div class=\"elementor-inner\">\n\t\t\t\t\t\t\t<div class=\"elementor-section-wrap\">\n\t\t\t\t\t\t\t<section class=\"elementor-section elementor-top-section elementor-element elementor-element-feb2b9f elementor-section-boxed elementor-section-height-default elementor-section-height-default parallax_section_no qode_elementor_container_no qode-content-aligment-left\" data-id=\"feb2b9f\" data-element_type=\"section\">\n\t\t\t\t\t\t<div class=\"elementor-container elementor-column-gap-default\">\n\t\t\t\t\t\t\t<div class=\"elementor-row\">\n\t\t\t\t\t<div class=\"elementor-column elementor-col-100 elementor-top-column elementor-element elementor-element-e380ce6\" data-id=\"e380ce6\" data-element_type=\"column\">\n\t\t\t<div class=\"elementor-column-wrap elementor-element-populated\">\n\t\t\t\t\t\t\t<div class=\"elementor-widget-wrap\">\n\t\t\t\t\t\t<div class=\"elementor-element elementor-element-b725355 elementor-widget elementor-widget-heading\" data-id=\"b725355\" data-element_type=\"widget\" data-widget_type=\"heading.default\">\n\t\t\t\t<div class=\"elementor-widget-container\">\n\t\t\t<h1 class=\"elementor-heading-title elementor-size-default\">Lavorazioni<\/h1>\t\t<\/div>\n\t\t\t\t<\/div>\n\t\t\t\t<div class=\"elementor-element elementor-element-c790e92 elementor-widget elementor-widget-heading\" data-id=\"c790e92\" data-element_type=\"widget\" data-widget_type=\"heading.default\">\n\t\t\t\t<div class=\"elementor-widget-container\">\n\t\t\t<h5 class=\"elementor-heading-title elementor-size-default\">Lavorazione al Tornio<\/h5>\t\t<\/div>\n\t\t\t\t<\/div>\n\t\t\t\t<div class=\"elementor-element elementor-element-c4554b6 elementor-widget elementor-widget-text-editor\" data-id=\"c4554b6\" data-element_type=\"widget\" data-widget_type=\"text-editor.default\">\n\t\t\t\t<div class=\"elementor-widget-container\">\n\t\t\t\t\t<div class=\"elementor-text-editor elementor-clearfix\"><p>La ruota \u00e8 il luogo dove avviene tutta la modellatura. Quando i pezzi sono ancora grezzi, applico un rivestimento di pigmento terroso. Arrivare a una finitura che sia soddisfacente e consistente, pur elevando la bellezza naturale dell&#8217;argilla, \u00e8 un processo lungo. Richiede infiniti test su campioni e molti fallimenti.<\/p><p>Utilizzo una combinazione di tecniche: uno dei miei modi preferiti per adornare un vaso \u00e8 attraverso lo &#8220;sgraffito&#8221;, che \u00e8 una parola italiana che significa graffiare via. Dopo aver applicato un rivestimento di pigmento, graffio via parte di esso seguendo un modello che ho precedentemente deciso. Ricorro a una variet\u00e0 di modelli, alcuni derivano dalla tradizione della ceramica dei miei antenati, gli Etruschi, e alcuni traggono ispirazione dalla bellissima ceramica Pueblo del Sud Ovest.<\/p><\/div>\n\t\t\t\t<\/div>\n\t\t\t\t<\/div>\n\t\t\t\t\t\t<\/div>\n\t\t\t\t\t<\/div>\n\t\t<\/div>\n\t\t\t\t\t\t\t\t<\/div>\n\t\t\t\t\t<\/div>\n\t\t<\/section>\n\t\t\t\t<section class=\"elementor-section elementor-top-section elementor-element elementor-element-2bf7c41 elementor-section-boxed elementor-section-height-default elementor-section-height-default parallax_section_no qode_elementor_container_no qode-content-aligment-left\" data-id=\"2bf7c41\" data-element_type=\"section\">\n\t\t\t\t\t\t<div class=\"elementor-container elementor-column-gap-default\">\n\t\t\t\t\t\t\t<div class=\"elementor-row\">\n\t\t\t\t\t<div class=\"elementor-column elementor-col-50 elementor-top-column elementor-element elementor-element-0620e43\" data-id=\"0620e43\" data-element_type=\"column\">\n\t\t\t<div class=\"elementor-column-wrap elementor-element-populated\">\n\t\t\t\t\t\t\t<div class=\"elementor-widget-wrap\">\n\t\t\t\t\t\t<div class=\"elementor-element elementor-element-f98745f elementor-widget elementor-widget-image\" data-id=\"f98745f\" data-element_type=\"widget\" data-widget_type=\"image.default\">\n\t\t\t\t<div class=\"elementor-widget-container\">\n\t\t\t\t\t<div class=\"elementor-image\">\n\t\t\t\t\t\t\t\t\t\t<img loading=\"lazy\" decoding=\"async\" width=\"1013\" height=\"1024\" src=\"https:\/\/giuliasbernini.com\/wp-content\/uploads\/2021\/03\/wt2-1013x1024.jpg\" class=\"attachment-large size-large\" alt=\"\" srcset=\"https:\/\/giuliasbernini.com\/wp-content\/uploads\/2021\/03\/wt2-1013x1024.jpg 1013w, https:\/\/giuliasbernini.com\/wp-content\/uploads\/2021\/03\/wt2-297x300.jpg 297w, https:\/\/giuliasbernini.com\/wp-content\/uploads\/2021\/03\/wt2-768x776.jpg 768w, https:\/\/giuliasbernini.com\/wp-content\/uploads\/2021\/03\/wt2-1520x1536.jpg 1520w, https:\/\/giuliasbernini.com\/wp-content\/uploads\/2021\/03\/wt2-700x707.jpg 700w, https:\/\/giuliasbernini.com\/wp-content\/uploads\/2021\/03\/wt2-1100x1112.jpg 1100w, https:\/\/giuliasbernini.com\/wp-content\/uploads\/2021\/03\/wt2-600x606.jpg 600w, https:\/\/giuliasbernini.com\/wp-content\/uploads\/2021\/03\/wt2-100x100.jpg 100w, https:\/\/giuliasbernini.com\/wp-content\/uploads\/2021\/03\/wt2.jpg 1788w\" sizes=\"auto, (max-width: 1013px) 100vw, 1013px\" \/>\t\t\t\t\t\t\t\t\t\t\t<\/div>\n\t\t\t\t<\/div>\n\t\t\t\t<\/div>\n\t\t\t\t\t\t<\/div>\n\t\t\t\t\t<\/div>\n\t\t<\/div>\n\t\t\t\t<div class=\"elementor-column elementor-col-50 elementor-top-column elementor-element elementor-element-e102d2a\" data-id=\"e102d2a\" data-element_type=\"column\">\n\t\t\t<div class=\"elementor-column-wrap elementor-element-populated\">\n\t\t\t\t\t\t\t<div class=\"elementor-widget-wrap\">\n\t\t\t\t\t\t<div class=\"elementor-element elementor-element-27508c9 elementor-widget elementor-widget-image\" data-id=\"27508c9\" data-element_type=\"widget\" data-widget_type=\"image.default\">\n\t\t\t\t<div class=\"elementor-widget-container\">\n\t\t\t\t\t<div class=\"elementor-image\">\n\t\t\t\t\t\t\t\t\t\t<img loading=\"lazy\" decoding=\"async\" width=\"2058\" height=\"1544\" src=\"https:\/\/giuliasbernini.com\/wp-content\/uploads\/2021\/03\/wt3.jpg\" class=\"attachment-full size-full\" alt=\"\" srcset=\"https:\/\/giuliasbernini.com\/wp-content\/uploads\/2021\/03\/wt3.jpg 2058w, https:\/\/giuliasbernini.com\/wp-content\/uploads\/2021\/03\/wt3-300x225.jpg 300w, https:\/\/giuliasbernini.com\/wp-content\/uploads\/2021\/03\/wt3-1024x768.jpg 1024w, https:\/\/giuliasbernini.com\/wp-content\/uploads\/2021\/03\/wt3-768x576.jpg 768w, https:\/\/giuliasbernini.com\/wp-content\/uploads\/2021\/03\/wt3-1536x1152.jpg 1536w, https:\/\/giuliasbernini.com\/wp-content\/uploads\/2021\/03\/wt3-2048x1536.jpg 2048w, https:\/\/giuliasbernini.com\/wp-content\/uploads\/2021\/03\/wt3-800x600.jpg 800w, https:\/\/giuliasbernini.com\/wp-content\/uploads\/2021\/03\/wt3-700x525.jpg 700w, https:\/\/giuliasbernini.com\/wp-content\/uploads\/2021\/03\/wt3-1100x825.jpg 1100w, https:\/\/giuliasbernini.com\/wp-content\/uploads\/2021\/03\/wt3-600x450.jpg 600w\" sizes=\"auto, (max-width: 2058px) 100vw, 2058px\" \/>\t\t\t\t\t\t\t\t\t\t\t<\/div>\n\t\t\t\t<\/div>\n\t\t\t\t<\/div>\n\t\t\t\t\t\t<\/div>\n\t\t\t\t\t<\/div>\n\t\t<\/div>\n\t\t\t\t\t\t\t\t<\/div>\n\t\t\t\t\t<\/div>\n\t\t<\/section>\n\t\t\t\t<section class=\"elementor-section elementor-top-section elementor-element elementor-element-1070e95 elementor-section-boxed elementor-section-height-default elementor-section-height-default parallax_section_no qode_elementor_container_no qode-content-aligment-left\" data-id=\"1070e95\" data-element_type=\"section\">\n\t\t\t\t\t\t<div class=\"elementor-container elementor-column-gap-default\">\n\t\t\t\t\t\t\t<div class=\"elementor-row\">\n\t\t\t\t\t<div class=\"elementor-column elementor-col-50 elementor-top-column elementor-element elementor-element-15682cf\" data-id=\"15682cf\" data-element_type=\"column\">\n\t\t\t<div class=\"elementor-column-wrap\">\n\t\t\t\t\t\t\t<div class=\"elementor-widget-wrap\">\n\t\t\t\t\t\t\t\t<\/div>\n\t\t\t\t\t<\/div>\n\t\t<\/div>\n\t\t\t\t<div class=\"elementor-column elementor-col-50 elementor-top-column elementor-element elementor-element-97e12cf\" data-id=\"97e12cf\" data-element_type=\"column\">\n\t\t\t<div class=\"elementor-column-wrap\">\n\t\t\t\t\t\t\t<div class=\"elementor-widget-wrap\">\n\t\t\t\t\t\t\t\t<\/div>\n\t\t\t\t\t<\/div>\n\t\t<\/div>\n\t\t\t\t\t\t\t\t<\/div>\n\t\t\t\t\t<\/div>\n\t\t<\/section>\n\t\t\t\t<section class=\"elementor-section elementor-top-section elementor-element elementor-element-f7fc8d0 elementor-section-boxed elementor-section-height-default elementor-section-height-default parallax_section_no qode_elementor_container_no qode-content-aligment-left\" data-id=\"f7fc8d0\" data-element_type=\"section\">\n\t\t\t\t\t\t<div class=\"elementor-container elementor-column-gap-default\">\n\t\t\t\t\t\t\t<div class=\"elementor-row\">\n\t\t\t\t\t<div class=\"elementor-column elementor-col-100 elementor-top-column elementor-element elementor-element-760553a\" data-id=\"760553a\" data-element_type=\"column\">\n\t\t\t<div class=\"elementor-column-wrap elementor-element-populated\">\n\t\t\t\t\t\t\t<div class=\"elementor-widget-wrap\">\n\t\t\t\t\t\t<div class=\"elementor-element elementor-element-4162538 elementor-widget elementor-widget-text-editor\" data-id=\"4162538\" data-element_type=\"widget\" data-widget_type=\"text-editor.default\">\n\t\t\t\t<div class=\"elementor-widget-container\">\n\t\t\t\t\t<div class=\"elementor-text-editor elementor-clearfix\"><p>Ci sono momenti in cui semplicemente lucido il vaso usando una pietra liscia. Sia lo sgraffito che la lucidatura sono tecniche antiche che sono state utilizzate per secoli in culture di tutto il mondo. Le glasse sono state sviluppate solo in tempi pi\u00f9 moderni. Utilizzo glasse trasparenti e satinate per rivestire l&#8217;interno dei miei vasi, il che li rende pi\u00f9 resistenti al lavaggio frequente e all&#8217;uso.<\/p><\/div>\n\t\t\t\t<\/div>\n\t\t\t\t<\/div>\n\t\t\t\t\t\t<\/div>\n\t\t\t\t\t<\/div>\n\t\t<\/div>\n\t\t\t\t\t\t\t\t<\/div>\n\t\t\t\t\t<\/div>\n\t\t<\/section>\n\t\t\t\t<section class=\"elementor-section elementor-top-section elementor-element elementor-element-ef8801e elementor-section-boxed elementor-section-height-default elementor-section-height-default parallax_section_no qode_elementor_container_no qode-content-aligment-left\" data-id=\"ef8801e\" data-element_type=\"section\">\n\t\t\t\t\t\t<div class=\"elementor-container elementor-column-gap-default\">\n\t\t\t\t\t\t\t<div class=\"elementor-row\">\n\t\t\t\t\t<div class=\"elementor-column elementor-col-100 elementor-top-column elementor-element elementor-element-c357c8e\" data-id=\"c357c8e\" data-element_type=\"column\">\n\t\t\t<div class=\"elementor-column-wrap elementor-element-populated\">\n\t\t\t\t\t\t\t<div class=\"elementor-widget-wrap\">\n\t\t\t\t\t\t<div class=\"elementor-element elementor-element-79633ca elementor-widget elementor-widget-heading\" data-id=\"79633ca\" data-element_type=\"widget\" data-widget_type=\"heading.default\">\n\t\t\t\t<div class=\"elementor-widget-container\">\n\t\t\t<h5 class=\"elementor-heading-title elementor-size-default\">Hand dug &amp; hand built<\/h5>\t\t<\/div>\n\t\t\t\t<\/div>\n\t\t\t\t<div class=\"elementor-element elementor-element-e0165ab elementor-widget elementor-widget-text-editor\" data-id=\"e0165ab\" data-element_type=\"widget\" data-widget_type=\"text-editor.default\">\n\t\t\t\t<div class=\"elementor-widget-container\">\n\t\t\t\t\t<div class=\"elementor-text-editor elementor-clearfix\"><div class=\"w-full text-token-text-primary\" data-testid=\"conversation-turn-11\"><div class=\"px-4 py-2 justify-center text-base md:gap-6 m-auto\"><div class=\"flex flex-1 text-base mx-auto gap-3 md:px-5 lg:px-1 xl:px-5 md:max-w-3xl lg:max-w-[40rem] xl:max-w-[48rem] group\"><div class=\"relative flex w-full flex-col agent-turn\"><div class=\"flex-col gap-1 md:gap-3\"><div class=\"flex flex-grow flex-col max-w-full\"><div class=\"min-h-[20px] text-message flex flex-col items-start gap-3 whitespace-pre-wrap break-words [.text-message+&amp;]:mt-5 overflow-x-auto\" data-message-author-role=\"assistant\" data-message-id=\"9cf78a4a-2a38-4976-ac69-bf551a89c2e0\"><div class=\"markdown prose w-full break-words dark:prose-invert light\"><p>L&#8217;argilla si pu\u00f2 trovare lungo i letti dei torrenti, in vecchie cave e grotte, lungo i crinali dove diverse stratificazioni del suolo si sono depositate nel tempo.<\/p><p>I dintorni di dove pu\u00f2 essere trovata variano da luogo a luogo e immagino che, se si trascorre abbastanza tempo in un posto, ci sarebbe un ceramista o qualcuno che ha imparato a conoscere il territorio capace di portarti l\u00ec. Ho avuto la fortuna di vivere in posti dove tali persone erano ancora presenti e ho avuto l&#8217;opportunit\u00e0 di imparare la differenza tra lavorare con l&#8217;argilla selvatica e quella commerciale.<\/p><p>Non tutte le argille selvatiche sono pulite e pronte all&#8217;uso. Alcune lo sono, ma molte richiedono ulteriori lavaggi e pulizie.<\/p><p>C&#8217;\u00e8 un uomo nel nord Italia che mi ha detto che, prima di poter lavorare con l&#8217;argilla selvatica, \u00e8 necessario lasciarla riposare per un anno una volta che \u00e8 stata lavata. Tale tempo serve per farla riposare e riguadagnare forza nel suo corpo. Una richiesta incredibile, dato il tempo moderno in cui viviamo dove tutto deve essere pronto all&#8217;uso immediato a qualsiasi costo e conseguenza.<\/p><\/div><\/div><\/div><\/div><\/div><\/div><\/div><\/div><p>\u00a0<\/p><\/div>\n\t\t\t\t<\/div>\n\t\t\t\t<\/div>\n\t\t\t\t\t\t<\/div>\n\t\t\t\t\t<\/div>\n\t\t<\/div>\n\t\t\t\t\t\t\t\t<\/div>\n\t\t\t\t\t<\/div>\n\t\t<\/section>\n\t\t\t\t<section class=\"elementor-section elementor-top-section elementor-element elementor-element-75711f0 elementor-section-boxed elementor-section-height-default elementor-section-height-default parallax_section_no qode_elementor_container_no qode-content-aligment-left\" data-id=\"75711f0\" data-element_type=\"section\">\n\t\t\t\t\t\t<div class=\"elementor-container elementor-column-gap-default\">\n\t\t\t\t\t\t\t<div class=\"elementor-row\">\n\t\t\t\t\t<div class=\"elementor-column elementor-col-50 elementor-top-column elementor-element elementor-element-62070e4\" data-id=\"62070e4\" data-element_type=\"column\">\n\t\t\t<div class=\"elementor-column-wrap elementor-element-populated\">\n\t\t\t\t\t\t\t<div class=\"elementor-widget-wrap\">\n\t\t\t\t\t\t<div class=\"elementor-element elementor-element-d8e0e90 elementor-widget elementor-widget-image\" data-id=\"d8e0e90\" data-element_type=\"widget\" data-widget_type=\"image.default\">\n\t\t\t\t<div class=\"elementor-widget-container\">\n\t\t\t\t\t<div class=\"elementor-image\">\n\t\t\t\t\t\t\t\t\t\t<img loading=\"lazy\" decoding=\"async\" width=\"1024\" height=\"683\" src=\"https:\/\/giuliasbernini.com\/wp-content\/uploads\/2021\/06\/process-hand-dug-1-1024x683.jpg\" class=\"attachment-large size-large\" alt=\"\" srcset=\"https:\/\/giuliasbernini.com\/wp-content\/uploads\/2021\/06\/process-hand-dug-1-1024x683.jpg 1024w, https:\/\/giuliasbernini.com\/wp-content\/uploads\/2021\/06\/process-hand-dug-1-300x200.jpg 300w, https:\/\/giuliasbernini.com\/wp-content\/uploads\/2021\/06\/process-hand-dug-1-768x512.jpg 768w, https:\/\/giuliasbernini.com\/wp-content\/uploads\/2021\/06\/process-hand-dug-1-700x467.jpg 700w, https:\/\/giuliasbernini.com\/wp-content\/uploads\/2021\/06\/process-hand-dug-1-600x400.jpg 600w, https:\/\/giuliasbernini.com\/wp-content\/uploads\/2021\/06\/process-hand-dug-1.jpg 1052w\" sizes=\"auto, (max-width: 1024px) 100vw, 1024px\" \/>\t\t\t\t\t\t\t\t\t\t\t<\/div>\n\t\t\t\t<\/div>\n\t\t\t\t<\/div>\n\t\t\t\t\t\t<\/div>\n\t\t\t\t\t<\/div>\n\t\t<\/div>\n\t\t\t\t<div class=\"elementor-column elementor-col-50 elementor-top-column elementor-element elementor-element-6ac65ef\" data-id=\"6ac65ef\" data-element_type=\"column\">\n\t\t\t<div class=\"elementor-column-wrap elementor-element-populated\">\n\t\t\t\t\t\t\t<div class=\"elementor-widget-wrap\">\n\t\t\t\t\t\t<div class=\"elementor-element elementor-element-86b7931 elementor-widget elementor-widget-image\" data-id=\"86b7931\" data-element_type=\"widget\" data-widget_type=\"image.default\">\n\t\t\t\t<div class=\"elementor-widget-container\">\n\t\t\t\t\t<div class=\"elementor-image\">\n\t\t\t\t\t\t\t\t\t\t<img loading=\"lazy\" decoding=\"async\" width=\"1024\" height=\"903\" src=\"https:\/\/giuliasbernini.com\/wp-content\/uploads\/2021\/06\/process-hand-dug-1024x903.jpg\" class=\"attachment-large size-large\" alt=\"\" srcset=\"https:\/\/giuliasbernini.com\/wp-content\/uploads\/2021\/06\/process-hand-dug-1024x903.jpg 1024w, https:\/\/giuliasbernini.com\/wp-content\/uploads\/2021\/06\/process-hand-dug-300x265.jpg 300w, https:\/\/giuliasbernini.com\/wp-content\/uploads\/2021\/06\/process-hand-dug-768x677.jpg 768w, https:\/\/giuliasbernini.com\/wp-content\/uploads\/2021\/06\/process-hand-dug-700x617.jpg 700w, https:\/\/giuliasbernini.com\/wp-content\/uploads\/2021\/06\/process-hand-dug-600x529.jpg 600w, https:\/\/giuliasbernini.com\/wp-content\/uploads\/2021\/06\/process-hand-dug.jpg 1084w\" sizes=\"auto, (max-width: 1024px) 100vw, 1024px\" \/>\t\t\t\t\t\t\t\t\t\t\t<\/div>\n\t\t\t\t<\/div>\n\t\t\t\t<\/div>\n\t\t\t\t\t\t<\/div>\n\t\t\t\t\t<\/div>\n\t\t<\/div>\n\t\t\t\t\t\t\t\t<\/div>\n\t\t\t\t\t<\/div>\n\t\t<\/section>\n\t\t\t\t\t\t<\/div>\n\t\t\t\t\t\t<\/div>\n\t\t\t\t\t<\/div>\n\t\t","protected":false},"excerpt":{"rendered":"<p>Lavorazioni Lavorazione al Tornio La ruota \u00e8 il luogo dove avviene tutta la modellatura. Quando i pezzi sono ancora grezzi, applico un rivestimento di pigmento terroso. Arrivare a una finitura che sia soddisfacente e consistente, pur elevando la bellezza naturale dell&#8217;argilla, \u00e8 un processo lungo&#8230;.<\/p>\n","protected":false},"author":1,"featured_media":0,"parent":0,"menu_order":0,"comment_status":"closed","ping_status":"closed","template":"","meta":{"footnotes":""},"class_list":["post-23891","page","type-page","status-publish","hentry"],"_links":{"self":[{"href":"https:\/\/giuliasbernini.com\/it\/wp-json\/wp\/v2\/pages\/23891","targetHints":{"allow":["GET"]}}],"collection":[{"href":"https:\/\/giuliasbernini.com\/it\/wp-json\/wp\/v2\/pages"}],"about":[{"href":"https:\/\/giuliasbernini.com\/it\/wp-json\/wp\/v2\/types\/page"}],"author":[{"embeddable":true,"href":"https:\/\/giuliasbernini.com\/it\/wp-json\/wp\/v2\/users\/1"}],"replies":[{"embeddable":true,"href":"https:\/\/giuliasbernini.com\/it\/wp-json\/wp\/v2\/comments?post=23891"}],"version-history":[{"count":4,"href":"https:\/\/giuliasbernini.com\/it\/wp-json\/wp\/v2\/pages\/23891\/revisions"}],"predecessor-version":[{"id":23939,"href":"https:\/\/giuliasbernini.com\/it\/wp-json\/wp\/v2\/pages\/23891\/revisions\/23939"}],"wp:attachment":[{"href":"https:\/\/giuliasbernini.com\/it\/wp-json\/wp\/v2\/media?parent=23891"}],"curies":[{"name":"wp","href":"https:\/\/api.w.org\/{rel}","templated":true}]}}