{"id":23867,"date":"2022-05-03T10:32:12","date_gmt":"2022-05-03T10:32:12","guid":{"rendered":"https:\/\/giuliasbernini.com\/vasi-terre-locali\/"},"modified":"2023-01-17T16:42:02","modified_gmt":"2023-01-17T16:42:02","slug":"vasi-terre-locali","status":"publish","type":"page","link":"https:\/\/giuliasbernini.com\/it\/vasi-terre-locali\/","title":{"rendered":"Vasi Terre Locali"},"content":{"rendered":"\t\t<div data-elementor-type=\"wp-page\" data-elementor-id=\"23867\" class=\"elementor elementor-23867 elementor-22975\" data-elementor-settings=\"[]\">\n\t\t\t\t\t\t<div class=\"elementor-inner\">\n\t\t\t\t\t\t\t<div class=\"elementor-section-wrap\">\n\t\t\t\t\t\t\t<section class=\"elementor-section elementor-top-section elementor-element elementor-element-6e1a34f elementor-section-boxed elementor-section-height-default elementor-section-height-default parallax_section_no qode_elementor_container_no qode-content-aligment-left\" data-id=\"6e1a34f\" data-element_type=\"section\">\n\t\t\t\t\t\t<div class=\"elementor-container elementor-column-gap-default\">\n\t\t\t\t\t\t\t<div class=\"elementor-row\">\n\t\t\t\t\t<div class=\"elementor-column elementor-col-100 elementor-top-column elementor-element elementor-element-39b380d\" data-id=\"39b380d\" data-element_type=\"column\">\n\t\t\t<div class=\"elementor-column-wrap elementor-element-populated\">\n\t\t\t\t\t\t\t<div class=\"elementor-widget-wrap\">\n\t\t\t\t\t\t<div class=\"elementor-element elementor-element-2b474dd elementor-widget elementor-widget-text-editor\" data-id=\"2b474dd\" data-element_type=\"widget\" data-widget_type=\"text-editor.default\">\n\t\t\t\t<div class=\"elementor-widget-container\">\n\t\t\t\t\t<div class=\"elementor-text-editor elementor-clearfix\"><p><strong><em>VASI DI TERRE LOCALI<\/em><\/strong><\/p>\n<\/p>\n<p>Uno dei punti focali di ci\u00f2 che faccio \u00e8 dedicarmi a conoscere le terre ( anche chiamate argille selvagge) dei luoghi in cui vivo e lavoro. Il suolo italiano \u00e8 ricco in argilla dai colori e tipologie pi\u00f9 svariate, questo rende ogni pezzo unico. E\u2019 molto possibile che i risultati ottenuti da terre raccolte anche solo a 50 metri di distanza siano diversi! In linea con l\u2019applicazione di terre locali scavate e pulite a mano, questi vasi richiamo forme di antiche tradizioni ceramiche ( dagli Etruschi, ai Celti, dai Liguri alle popolazioni indigene del Centro e Nord America, alcune delle quali ho avuto la fortuna di conoscere in prima persona durante gli anni trascorsi in quel continente). . Alcune delle terre che uso al momento vengono sia dal litorale ligure dove ho condotto un lungo studio sulle terre locali (raccolta e applicazione) con il maestro Giuseppe Camogli lo scorso inverno che dagli Appennini dove vivo. <\/p>\n<p>La finitura a crepa \u00e8 un effetto voluto e ricercato, il risultato di molte prove e studi.<\/p>\n<\/div>\n\t\t\t\t<\/div>\n\t\t\t\t<\/div>\n\t\t\t\t\t\t<\/div>\n\t\t\t\t\t<\/div>\n\t\t<\/div>\n\t\t\t\t\t\t\t\t<\/div>\n\t\t\t\t\t<\/div>\n\t\t<\/section>\n\t\t\t\t<section class=\"elementor-section elementor-top-section elementor-element elementor-element-ee3000c elementor-section-boxed elementor-section-height-default elementor-section-height-default parallax_section_no qode_elementor_container_no qode-content-aligment-left\" data-id=\"ee3000c\" data-element_type=\"section\">\n\t\t\t\t\t\t<div class=\"elementor-container elementor-column-gap-default\">\n\t\t\t\t\t\t\t<div class=\"elementor-row\">\n\t\t\t\t\t<div class=\"elementor-column elementor-col-100 elementor-top-column elementor-element elementor-element-1f3d2e9\" data-id=\"1f3d2e9\" data-element_type=\"column\">\n\t\t\t<div class=\"elementor-column-wrap elementor-element-populated\">\n\t\t\t\t\t\t\t<div class=\"elementor-widget-wrap\">\n\t\t\t\t\t\t<div class=\"elementor-element elementor-element-bf535c9 elementor-widget elementor-widget-portfolio_list\" data-id=\"bf535c9\" data-element_type=\"widget\" data-widget_type=\"portfolio_list.default\">\n\t\t\t\t<div class=\"elementor-widget-container\">\n\t\t\t<div class='projects_holder_outer portfolio_justified_gallery qode-filter-position-top'>\n\t    \t<div class='projects_holder clearfix' data-spacing='10' data-row-height='325'data-last-row='nojustify'data-justify-threshold='0.75'>\n\t\t<article class=\"portfolio_category_149\">\n\t    <a class='portfolio_jg_image_link image_holder' href='https:\/\/giuliasbernini.com\/it\/portfolio_page\/terra-ligure-vase-with-mascherone-lid\/' target='_self'>\n<img loading=\"lazy\" decoding=\"async\" width=\"2560\" height=\"2069\" src=\"https:\/\/giuliasbernini.com\/wp-content\/uploads\/2022\/05\/IMG_5730-scaled.jpeg\" class=\"attachment-full size-full wp-post-image\" alt=\"\" srcset=\"https:\/\/giuliasbernini.com\/wp-content\/uploads\/2022\/05\/IMG_5730-scaled.jpeg 2560w, https:\/\/giuliasbernini.com\/wp-content\/uploads\/2022\/05\/IMG_5730-300x242.jpeg 300w, https:\/\/giuliasbernini.com\/wp-content\/uploads\/2022\/05\/IMG_5730-1024x827.jpeg 1024w, https:\/\/giuliasbernini.com\/wp-content\/uploads\/2022\/05\/IMG_5730-768x621.jpeg 768w, https:\/\/giuliasbernini.com\/wp-content\/uploads\/2022\/05\/IMG_5730-1536x1241.jpeg 1536w, https:\/\/giuliasbernini.com\/wp-content\/uploads\/2022\/05\/IMG_5730-2048x1655.jpeg 2048w, https:\/\/giuliasbernini.com\/wp-content\/uploads\/2022\/05\/IMG_5730-700x566.jpeg 700w, https:\/\/giuliasbernini.com\/wp-content\/uploads\/2022\/05\/IMG_5730-1100x889.jpeg 1100w, https:\/\/giuliasbernini.com\/wp-content\/uploads\/2022\/05\/IMG_5730-600x485.jpeg 600w\" sizes=\"auto, (max-width: 2560px) 100vw, 2560px\" \/>    <\/a>\n\t\t\t<a class='portfolio_shader' href='https:\/\/giuliasbernini.com\/it\/portfolio_page\/terra-ligure-vase-with-mascherone-lid\/' target='_self'><\/a>\n\t\t<div class=\"icons_holder\">\n\t<div class=\"icons_holder_inner\">\n\t\t\t\t\t<\/div>\n<\/div><\/article>\n\t<\/div>\n\t<\/div>\n\t\t<\/div>\n\t\t\t\t<\/div>\n\t\t\t\t\t\t<\/div>\n\t\t\t\t\t<\/div>\n\t\t<\/div>\n\t\t\t\t\t\t\t\t<\/div>\n\t\t\t\t\t<\/div>\n\t\t<\/section>\n\t\t\t\t\t\t<\/div>\n\t\t\t\t\t\t<\/div>\n\t\t\t\t\t<\/div>\n\t\t","protected":false},"excerpt":{"rendered":"<p>VASI DI TERRE LOCALI Uno dei punti focali di ci\u00f2 che faccio \u00e8 dedicarmi a conoscere le terre ( anche chiamate argille selvagge) dei luoghi in cui vivo e lavoro. Il suolo italiano \u00e8 ricco in argilla dai colori e tipologie pi\u00f9 svariate, questo rende&#8230;<\/p>\n","protected":false},"author":1,"featured_media":0,"parent":0,"menu_order":0,"comment_status":"closed","ping_status":"closed","template":"","meta":{"footnotes":""},"class_list":["post-23867","page","type-page","status-publish","hentry"],"_links":{"self":[{"href":"https:\/\/giuliasbernini.com\/it\/wp-json\/wp\/v2\/pages\/23867","targetHints":{"allow":["GET"]}}],"collection":[{"href":"https:\/\/giuliasbernini.com\/it\/wp-json\/wp\/v2\/pages"}],"about":[{"href":"https:\/\/giuliasbernini.com\/it\/wp-json\/wp\/v2\/types\/page"}],"author":[{"embeddable":true,"href":"https:\/\/giuliasbernini.com\/it\/wp-json\/wp\/v2\/users\/1"}],"replies":[{"embeddable":true,"href":"https:\/\/giuliasbernini.com\/it\/wp-json\/wp\/v2\/comments?post=23867"}],"version-history":[{"count":1,"href":"https:\/\/giuliasbernini.com\/it\/wp-json\/wp\/v2\/pages\/23867\/revisions"}],"predecessor-version":[{"id":23868,"href":"https:\/\/giuliasbernini.com\/it\/wp-json\/wp\/v2\/pages\/23867\/revisions\/23868"}],"wp:attachment":[{"href":"https:\/\/giuliasbernini.com\/it\/wp-json\/wp\/v2\/media?parent=23867"}],"curies":[{"name":"wp","href":"https:\/\/api.w.org\/{rel}","templated":true}]}}