{"id":23818,"date":"2021-03-02T13:26:19","date_gmt":"2021-03-02T13:26:19","guid":{"rendered":"https:\/\/giuliasbernini.com\/curriculum-vitae\/"},"modified":"2023-01-17T16:13:53","modified_gmt":"2023-01-17T16:13:53","slug":"curriculum-vitae","status":"publish","type":"page","link":"https:\/\/giuliasbernini.com\/it\/curriculum-vitae\/","title":{"rendered":"Curriculum Vitae"},"content":{"rendered":"\t\t<div data-elementor-type=\"wp-page\" data-elementor-id=\"23818\" class=\"elementor elementor-23818 elementor-21971\" data-elementor-settings=\"[]\">\n\t\t\t\t\t\t<div class=\"elementor-inner\">\n\t\t\t\t\t\t\t<div class=\"elementor-section-wrap\">\n\t\t\t\t\t\t\t<section class=\"elementor-section elementor-top-section elementor-element elementor-element-5fb76592 elementor-section-boxed elementor-section-height-default elementor-section-height-default parallax_section_no qode_elementor_container_no qode-content-aligment-left\" data-id=\"5fb76592\" data-element_type=\"section\">\n\t\t\t\t\t\t<div class=\"elementor-container elementor-column-gap-default\">\n\t\t\t\t\t\t\t<div class=\"elementor-row\">\n\t\t\t\t\t<div class=\"elementor-column elementor-col-100 elementor-top-column elementor-element elementor-element-48175ee8\" data-id=\"48175ee8\" data-element_type=\"column\">\n\t\t\t<div class=\"elementor-column-wrap elementor-element-populated\">\n\t\t\t\t\t\t\t<div class=\"elementor-widget-wrap\">\n\t\t\t\t\t\t<div class=\"elementor-element elementor-element-29f50f36 elementor-widget elementor-widget-text-editor\" data-id=\"29f50f36\" data-element_type=\"widget\" data-widget_type=\"text-editor.default\">\n\t\t\t\t<div class=\"elementor-widget-container\">\n\t\t\t\t\t<div class=\"elementor-text-editor elementor-clearfix\"><h1>Curriculum Vitae<\/h1>\n<\/div>\n\t\t\t\t<\/div>\n\t\t\t\t<\/div>\n\t\t\t\t<div class=\"elementor-element elementor-element-2e68267 elementor-widget elementor-widget-spacer\" data-id=\"2e68267\" data-element_type=\"widget\" data-widget_type=\"spacer.default\">\n\t\t\t\t<div class=\"elementor-widget-container\">\n\t\t\t\t\t<div class=\"elementor-spacer\">\n\t\t\t<div class=\"elementor-spacer-inner\"><\/div>\n\t\t<\/div>\n\t\t\t\t<\/div>\n\t\t\t\t<\/div>\n\t\t\t\t<div class=\"elementor-element elementor-element-5b45b18e elementor-widget elementor-widget-text-editor\" data-id=\"5b45b18e\" data-element_type=\"widget\" data-widget_type=\"text-editor.default\">\n\t\t\t\t<div class=\"elementor-widget-container\">\n\t\t\t\t\t<div class=\"elementor-text-editor elementor-clearfix\"><p style=\"text-align: justify;\">Le sculture figurative che faccio sono met\u00e0 dimensione umana, per lo pi\u00f9 busti o torsi senza testa a cui a volte incorporo elementi di legno e metallo.<br \/>Le mie sculture sono turbate, riflessive. Guardano al mondo dei nostri giorni cercando di catturare l\u2019attenzione di chi le sta guardano e lasciare un\u2019impressione che evochi la severit\u00e0 delle circostanze attuali.<\/p>\n<p style=\"text-align: justify;\">Presto particolare attenzione nel delineare l\u2019espressione del viso e delle mani. Nell\u2019assenza della lingua parlata, i miei soggetti \u201cconversano\u201d con chi le guarda attraverso il loro sguardo e i loro gesti.<br \/>Le finiture sono ridotte al minimo per onorare la bellezza naturale del colore dell\u2019argilla usata.<\/p>\n<p style=\"text-align: justify;\">Al momento sto lavorando ad una serie di figure in argilla rossa dal nome: \u201cOsservatori\u201d.<\/p>\n<p style=\"text-align: justify;\">Nata e cresciuta a Parma, mi sono trasferita nella California del Nord nel 2005 ed \u00e8 li che ho iniziato a lavorare la creta nel 2013, anno in cui l\u2019ho conosciuta ed \u00e8 da allora che mi ci dedico. La maggior parte della mia formazione in ambito scultoreo \u00e8 stata nel laboratorio della scultrice e ceramista Deborah Bridges a Grass Valley, un apprendistato vecchio stile che \u00e8 durato sei anni. <br \/>La maggior parte delle mie sculture sono in gres, ad eccezione delle ultime realizzate qui in Italia che sono in terracotta. Per la costruzione delle sculture uso una combinazione di tecniche: lastra, colombino e da un blocco solido che scavo successivamente a mano. Le finiture sono un\u2019incontro di tecniche antiche e moderne, di smalti e finiture a freddo.<\/p>\n<\/div>\n\t\t\t\t<\/div>\n\t\t\t\t<\/div>\n\t\t\t\t<div class=\"elementor-element elementor-element-e0dcc9b elementor-widget elementor-widget-spacer\" data-id=\"e0dcc9b\" data-element_type=\"widget\" data-widget_type=\"spacer.default\">\n\t\t\t\t<div class=\"elementor-widget-container\">\n\t\t\t\t\t<div class=\"elementor-spacer\">\n\t\t\t<div class=\"elementor-spacer-inner\"><\/div>\n\t\t<\/div>\n\t\t\t\t<\/div>\n\t\t\t\t<\/div>\n\t\t\t\t<div class=\"elementor-element elementor-element-41e77f74 elementor-widget elementor-widget-image\" data-id=\"41e77f74\" data-element_type=\"widget\" data-widget_type=\"image.default\">\n\t\t\t\t<div class=\"elementor-widget-container\">\n\t\t\t\t\t<div class=\"elementor-image\">\n\t\t\t\t\t\t\t\t\t\t<img loading=\"lazy\" decoding=\"async\" width=\"1535\" height=\"971\" src=\"https:\/\/giuliasbernini.com\/wp-content\/uploads\/2021\/03\/cv.jpg\" class=\"attachment-full size-full\" alt=\"\" srcset=\"https:\/\/giuliasbernini.com\/wp-content\/uploads\/2021\/03\/cv.jpg 1535w, https:\/\/giuliasbernini.com\/wp-content\/uploads\/2021\/03\/cv-300x190.jpg 300w, https:\/\/giuliasbernini.com\/wp-content\/uploads\/2021\/03\/cv-1024x648.jpg 1024w, https:\/\/giuliasbernini.com\/wp-content\/uploads\/2021\/03\/cv-768x486.jpg 768w, https:\/\/giuliasbernini.com\/wp-content\/uploads\/2021\/03\/cv-700x443.jpg 700w, https:\/\/giuliasbernini.com\/wp-content\/uploads\/2021\/03\/cv-1100x696.jpg 1100w, https:\/\/giuliasbernini.com\/wp-content\/uploads\/2021\/03\/cv-600x380.jpg 600w\" sizes=\"auto, (max-width: 1535px) 100vw, 1535px\" \/>\t\t\t\t\t\t\t\t\t\t\t<\/div>\n\t\t\t\t<\/div>\n\t\t\t\t<\/div>\n\t\t\t\t\t\t<\/div>\n\t\t\t\t\t<\/div>\n\t\t<\/div>\n\t\t\t\t\t\t\t\t<\/div>\n\t\t\t\t\t<\/div>\n\t\t<\/section>\n\t\t\t\t<section class=\"elementor-section elementor-top-section elementor-element elementor-element-9396232 elementor-section-full_width qode_elementor_container_inner elementor-section-height-default elementor-section-height-default parallax_section_no qode-content-aligment-left\" data-id=\"9396232\" data-element_type=\"section\">\n\t\t\t\t\t\t<div class=\"elementor-container elementor-column-gap-default\">\n\t\t\t\t\t\t\t<div class=\"elementor-row\">\n\t\t\t\t\t<div class=\"elementor-column elementor-col-33 elementor-top-column elementor-element elementor-element-17868e4\" data-id=\"17868e4\" data-element_type=\"column\">\n\t\t\t<div class=\"elementor-column-wrap elementor-element-populated\">\n\t\t\t\t\t\t\t<div class=\"elementor-widget-wrap\">\n\t\t\t\t\t\t<div class=\"elementor-element elementor-element-20b95f4 elementor-widget elementor-widget-text-editor\" data-id=\"20b95f4\" data-element_type=\"widget\" data-widget_type=\"text-editor.default\">\n\t\t\t\t<div class=\"elementor-widget-container\">\n\t\t\t\t\t<div class=\"elementor-text-editor elementor-clearfix\"><h3>Biografia<\/h3>\n<\/div>\n\t\t\t\t<\/div>\n\t\t\t\t<\/div>\n\t\t\t\t<div class=\"elementor-element elementor-element-b0a1230 elementor-widget elementor-widget-text-editor\" data-id=\"b0a1230\" data-element_type=\"widget\" data-widget_type=\"text-editor.default\">\n\t\t\t\t<div class=\"elementor-widget-container\">\n\t\t\t\t\t<div class=\"elementor-text-editor elementor-clearfix\"><p style=\"line-height: 30px;\">1981 \u2014 Nata in Italia<\/p>\n<\/div>\n\t\t\t\t<\/div>\n\t\t\t\t<\/div>\n\t\t\t\t<div class=\"elementor-element elementor-element-814ed02 elementor-widget elementor-widget-text-editor\" data-id=\"814ed02\" data-element_type=\"widget\" data-widget_type=\"text-editor.default\">\n\t\t\t\t<div class=\"elementor-widget-container\">\n\t\t\t\t\t<div class=\"elementor-text-editor elementor-clearfix\"><p style=\"line-height: 30px;\">2003-2005 \u2014 Vive a Galway, West Ireland<\/p>\n<\/div>\n\t\t\t\t<\/div>\n\t\t\t\t<\/div>\n\t\t\t\t<div class=\"elementor-element elementor-element-662102a elementor-widget elementor-widget-text-editor\" data-id=\"662102a\" data-element_type=\"widget\" data-widget_type=\"text-editor.default\">\n\t\t\t\t<div class=\"elementor-widget-container\">\n\t\t\t\t\t<div class=\"elementor-text-editor elementor-clearfix\"><p style=\"line-height: 30px;\">2005-2020 \u2014 Vive in California del Nord<\/p>\n<\/div>\n\t\t\t\t<\/div>\n\t\t\t\t<\/div>\n\t\t\t\t<div class=\"elementor-element elementor-element-b99604b elementor-widget elementor-widget-text-editor\" data-id=\"b99604b\" data-element_type=\"widget\" data-widget_type=\"text-editor.default\">\n\t\t\t\t<div class=\"elementor-widget-container\">\n\t\t\t\t\t<div class=\"elementor-text-editor elementor-clearfix\"><p style=\"line-height: 30px;\">2020 \u2014 Ottawa Valley, Ontario<\/p>\n<\/p>\n<p>2021 &#8211; Ritorna a casa nel Nord dell&#8217;Italia dopo 18 anni all&#8217;estero<\/p>\n<\/div>\n\t\t\t\t<\/div>\n\t\t\t\t<\/div>\n\t\t\t\t\t\t<\/div>\n\t\t\t\t\t<\/div>\n\t\t<\/div>\n\t\t\t\t<div class=\"elementor-column elementor-col-33 elementor-top-column elementor-element elementor-element-45743f9\" data-id=\"45743f9\" data-element_type=\"column\">\n\t\t\t<div class=\"elementor-column-wrap elementor-element-populated\">\n\t\t\t\t\t\t\t<div class=\"elementor-widget-wrap\">\n\t\t\t\t\t\t<div class=\"elementor-element elementor-element-5f160f6 elementor-widget elementor-widget-text-editor\" data-id=\"5f160f6\" data-element_type=\"widget\" data-widget_type=\"text-editor.default\">\n\t\t\t\t<div class=\"elementor-widget-container\">\n\t\t\t\t\t<div class=\"elementor-text-editor elementor-clearfix\"><h3>Educazione<\/h3>\n<\/div>\n\t\t\t\t<\/div>\n\t\t\t\t<\/div>\n\t\t\t\t<div class=\"elementor-element elementor-element-85eaff3 elementor-widget elementor-widget-text-editor\" data-id=\"85eaff3\" data-element_type=\"widget\" data-widget_type=\"text-editor.default\">\n\t\t\t\t<div class=\"elementor-widget-container\">\n\t\t\t\t\t<div class=\"elementor-text-editor elementor-clearfix\"><p style=\"line-height: 30px;\">2011-2012 \u2014 San Francisco Community College<\/p>\n<\/div>\n\t\t\t\t<\/div>\n\t\t\t\t<\/div>\n\t\t\t\t<div class=\"elementor-element elementor-element-114b839 elementor-widget elementor-widget-text-editor\" data-id=\"114b839\" data-element_type=\"widget\" data-widget_type=\"text-editor.default\">\n\t\t\t\t<div class=\"elementor-widget-container\">\n\t\t\t\t\t<div class=\"elementor-text-editor elementor-clearfix\"><p style=\"line-height: 30px;\">2013-2017 \u2014 Sierra College<\/p>\n<\/div>\n\t\t\t\t<\/div>\n\t\t\t\t<\/div>\n\t\t\t\t<div class=\"elementor-element elementor-element-7831e5d elementor-widget elementor-widget-text-editor\" data-id=\"7831e5d\" data-element_type=\"widget\" data-widget_type=\"text-editor.default\">\n\t\t\t\t<div class=\"elementor-widget-container\">\n\t\t\t\t\t<div class=\"elementor-text-editor elementor-clearfix\"><p style=\"line-height: 30px;\">2015 \u2014 Corsi con Michelle Gregor e Lisa Reinardson<\/p>\n<\/div>\n\t\t\t\t<\/div>\n\t\t\t\t<\/div>\n\t\t\t\t<div class=\"elementor-element elementor-element-2dbf893 elementor-widget elementor-widget-text-editor\" data-id=\"2dbf893\" data-element_type=\"widget\" data-widget_type=\"text-editor.default\">\n\t\t\t\t<div class=\"elementor-widget-container\">\n\t\t\t\t\t<div class=\"elementor-text-editor elementor-clearfix\"><p style=\"line-height: 30px;\">2016 \u2014 Corsi con Forest Middleton e Clayton Keyes<\/p>\n<\/div>\n\t\t\t\t<\/div>\n\t\t\t\t<\/div>\n\t\t\t\t<div class=\"elementor-element elementor-element-2f74cf0 elementor-widget elementor-widget-text-editor\" data-id=\"2f74cf0\" data-element_type=\"widget\" data-widget_type=\"text-editor.default\">\n\t\t\t\t<div class=\"elementor-widget-container\">\n\t\t\t\t\t<div class=\"elementor-text-editor elementor-clearfix\"><p style=\"line-height: 30px;\">2014-2020 \u2014 Apprendistato con la scultrice Deborah Bridges<\/p>\n<\/p>\n<p>Inverno 2022 &#8211; apprendistato di 3 mesi sulla geologia e le terre del litorale Ligure di ponente a Albisola Marina<\/p>\n<\/div>\n\t\t\t\t<\/div>\n\t\t\t\t<\/div>\n\t\t\t\t\t\t<\/div>\n\t\t\t\t\t<\/div>\n\t\t<\/div>\n\t\t\t\t<div class=\"elementor-column elementor-col-33 elementor-top-column elementor-element elementor-element-d45767a\" data-id=\"d45767a\" data-element_type=\"column\">\n\t\t\t<div class=\"elementor-column-wrap elementor-element-populated\">\n\t\t\t\t\t\t\t<div class=\"elementor-widget-wrap\">\n\t\t\t\t\t\t<div class=\"elementor-element elementor-element-a46266b elementor-widget elementor-widget-text-editor\" data-id=\"a46266b\" data-element_type=\"widget\" data-widget_type=\"text-editor.default\">\n\t\t\t\t<div class=\"elementor-widget-container\">\n\t\t\t\t\t<div class=\"elementor-text-editor elementor-clearfix\"><h3>Esibizioni di Gruppo<\/h3>\n<\/div>\n\t\t\t\t<\/div>\n\t\t\t\t<\/div>\n\t\t\t\t<div class=\"elementor-element elementor-element-2f13aeb elementor-widget elementor-widget-text-editor\" data-id=\"2f13aeb\" data-element_type=\"widget\" data-widget_type=\"text-editor.default\">\n\t\t\t\t<div class=\"elementor-widget-container\">\n\t\t\t\t\t<div class=\"elementor-text-editor elementor-clearfix\"><p style=\"line-height: 30px;\">2021 &#8211; Loppis, Parma<\/p>\n<p style=\"line-height: 30px;\">&#8220;Ceramiche&#8221; ( December 2021-January 2022)<\/p>\n<\/p>\n<p style=\"line-height: 30px;\">2018- 2021 \u2014 Osborn Woods Gallery, Miners Foundry, Nevada City, CA<\/p>\n<\/div>\n\t\t\t\t<\/div>\n\t\t\t\t<\/div>\n\t\t\t\t<div class=\"elementor-element elementor-element-d102f0b elementor-widget elementor-widget-text-editor\" data-id=\"d102f0b\" data-element_type=\"widget\" data-widget_type=\"text-editor.default\">\n\t\t\t\t<div class=\"elementor-widget-container\">\n\t\t\t\t\t<div class=\"elementor-text-editor elementor-clearfix\"><p style=\"line-height: 30px;\">2019 \u2014 Blue Line Arts Gallery, Roseville, Wall Hanging show (April-June)<\/p>\n<\/div>\n\t\t\t\t<\/div>\n\t\t\t\t<\/div>\n\t\t\t\t<div class=\"elementor-element elementor-element-edb0982 elementor-widget elementor-widget-text-editor\" data-id=\"edb0982\" data-element_type=\"widget\" data-widget_type=\"text-editor.default\">\n\t\t\t\t<div class=\"elementor-widget-container\">\n\t\t\t\t\t<div class=\"elementor-text-editor elementor-clearfix\"><p style=\"line-height: 30px;\">2019 \u2014 The Artery, Davis. During CACCA (April-June)<\/p>\n<\/div>\n\t\t\t\t<\/div>\n\t\t\t\t<\/div>\n\t\t\t\t<div class=\"elementor-element elementor-element-f36cdd9 elementor-widget elementor-widget-text-editor\" data-id=\"f36cdd9\" data-element_type=\"widget\" data-widget_type=\"text-editor.default\">\n\t\t\t\t<div class=\"elementor-widget-container\">\n\t\t\t\t\t<div class=\"elementor-text-editor elementor-clearfix\"><p style=\"line-height: 30px;\">2016 \u2014 Granucci Gallery, Center for the Arts, Grass Valley, CA<\/p>\n<\/div>\n\t\t\t\t<\/div>\n\t\t\t\t<\/div>\n\t\t\t\t<div class=\"elementor-element elementor-element-cd90f9a elementor-widget elementor-widget-text-editor\" data-id=\"cd90f9a\" data-element_type=\"widget\" data-widget_type=\"text-editor.default\">\n\t\t\t\t<div class=\"elementor-widget-container\">\n\t\t\t\t\t<div class=\"elementor-text-editor elementor-clearfix\"><p style=\"line-height: 30px;\">2014 \u2014 North Columbia School House, North San Juan, CA<\/p>\n<\/div>\n\t\t\t\t<\/div>\n\t\t\t\t<\/div>\n\t\t\t\t<div class=\"elementor-element elementor-element-679ab85 elementor-widget elementor-widget-text-editor\" data-id=\"679ab85\" data-element_type=\"widget\" data-widget_type=\"text-editor.default\">\n\t\t\t\t<div class=\"elementor-widget-container\">\n\t\t\t\t\t<div class=\"elementor-text-editor elementor-clearfix\"><h3>Solo Exhibitions<\/h3>\n<\/div>\n\t\t\t\t<\/div>\n\t\t\t\t<\/div>\n\t\t\t\t<div class=\"elementor-element elementor-element-902834d elementor-widget elementor-widget-text-editor\" data-id=\"902834d\" data-element_type=\"widget\" data-widget_type=\"text-editor.default\">\n\t\t\t\t<div class=\"elementor-widget-container\">\n\t\t\t\t\t<div class=\"elementor-text-editor elementor-clearfix\"><p style=\"line-height: 30px;\">2016 \u2014 Fable Coffee, Grass Valley, CA<\/p>\n<\/div>\n\t\t\t\t<\/div>\n\t\t\t\t<\/div>\n\t\t\t\t\t\t<\/div>\n\t\t\t\t\t<\/div>\n\t\t<\/div>\n\t\t\t\t\t\t\t\t<\/div>\n\t\t\t\t\t<\/div>\n\t\t<\/section>\n\t\t\t\t\t\t<\/div>\n\t\t\t\t\t\t<\/div>\n\t\t\t\t\t<\/div>\n\t\t","protected":false},"excerpt":{"rendered":"<p>Curriculum Vitae Le sculture figurative che faccio sono met\u00e0 dimensione umana, per lo pi\u00f9 busti o torsi senza testa a cui a volte incorporo elementi di legno e metallo.Le mie sculture sono turbate, riflessive. Guardano al mondo dei nostri giorni cercando di catturare l\u2019attenzione di&#8230;<\/p>\n","protected":false},"author":1,"featured_media":0,"parent":0,"menu_order":0,"comment_status":"closed","ping_status":"closed","template":"","meta":{"footnotes":""},"class_list":["post-23818","page","type-page","status-publish","hentry"],"_links":{"self":[{"href":"https:\/\/giuliasbernini.com\/it\/wp-json\/wp\/v2\/pages\/23818","targetHints":{"allow":["GET"]}}],"collection":[{"href":"https:\/\/giuliasbernini.com\/it\/wp-json\/wp\/v2\/pages"}],"about":[{"href":"https:\/\/giuliasbernini.com\/it\/wp-json\/wp\/v2\/types\/page"}],"author":[{"embeddable":true,"href":"https:\/\/giuliasbernini.com\/it\/wp-json\/wp\/v2\/users\/1"}],"replies":[{"embeddable":true,"href":"https:\/\/giuliasbernini.com\/it\/wp-json\/wp\/v2\/comments?post=23818"}],"version-history":[{"count":5,"href":"https:\/\/giuliasbernini.com\/it\/wp-json\/wp\/v2\/pages\/23818\/revisions"}],"predecessor-version":[{"id":23823,"href":"https:\/\/giuliasbernini.com\/it\/wp-json\/wp\/v2\/pages\/23818\/revisions\/23823"}],"wp:attachment":[{"href":"https:\/\/giuliasbernini.com\/it\/wp-json\/wp\/v2\/media?parent=23818"}],"curies":[{"name":"wp","href":"https:\/\/api.w.org\/{rel}","templated":true}]}}